{"id":113,"date":"2020-02-16T17:52:36","date_gmt":"2020-02-16T17:52:36","guid":{"rendered":"http:\/\/www.msc.org.es\/wp\/?page_id=113"},"modified":"2023-08-24T12:33:08","modified_gmt":"2023-08-24T12:33:08","slug":"home","status":"publish","type":"page","link":"http:\/\/www.msc.org.es\/wp\/","title":{"rendered":"Inicio"},"content":{"rendered":"\n<p class=\"has-text-align-center\">Nuestra asociaci\u00f3n, MEDITERR\u00c1NEA DE SOCIEDAD Y CULTURA, naci\u00f3 con el objetivo de proponer nuevas visiones para&nbsp; el tercer sector. <\/p>\n\n\n\n<p class=\"has-text-align-center\">Su herramienta principal es la investigaci\u00f3n relacionada con modelos<br>sociales sostenibles, abarcando de la manera m\u00e1s amplia los campos de la<br>educaci\u00f3n, la cultura, las tradiciones, las artes, las ciencias, la ciudadan\u00eda y el comportamiento de las personas y sus comunidades.<\/p>\n\n\n\n<p class=\"has-text-align-center\">Las acciones relacionadas con la participaci\u00f3n social y c\u00edvica de los ciudadanos y la empleabilidad son objeto principal de nuestro trabajo.<br>La defensa de los Derechos Humanos, la de la Cooperaci\u00f3n internacional realizada por Estados y ONG&#8217;s como forma de eliminar desigualdades, la promoci\u00f3n de una Ciudadan\u00eda europea como medio de participaci\u00f3n en una Gran ciudadan\u00eda global y el fomento de una Conciencia social mundial, son principios palpables en cada una de nuestras actuaciones. <\/p>\n\n\n\n<p class=\"has-text-align-center\">En los \u00faltimos tiempos, hemos dirigido nuestra atenci\u00f3n hacia proyectos vinculados a la tra\u00edda de personas provenientes de Ucrania. Nuestro enfoque se ha extendido a la provisi\u00f3n de atenci\u00f3n integral y a la revisi\u00f3n de las diversas necesidades que puedan tener durante su estancia en Espa\u00f1a. Estamos comprometidos tanto en las necesidades pr\u00e1cticas y log\u00edsticas, como en las emocionales y sociales, con el fin de que tengan una experiencia enriquecedora y as\u00ed apoyar su adaptaci\u00f3n. Adem\u00e1s, nos esforzamos por abordar otras demandas esenciales que puedan surgir en este contexto, asegurando as\u00ed que cada individuo reciba el respaldo necesario para desenvolverse en un entorno nuevo\u00a0y\u00a0diferente.<\/p>\n\n\n\n<p><\/p>\n","protected":false},"excerpt":{"rendered":"<p>Nuestra asociaci\u00f3n, MEDITERR\u00c1NEA DE SOCIEDAD Y CULTURA, naci\u00f3 con el objetivo de proponer nuevas visiones para&nbsp; el tercer sector. Su herramienta principal es la investigaci\u00f3n relacionada con modelossociales sostenibles, abarcando de la manera m\u00e1s amplia los campos de laeducaci\u00f3n, la &hellip; <a href=\"http:\/\/www.msc.org.es\/wp\/\">Sigue leyendo <span class=\"meta-nav\">&rarr;<\/span><\/a><\/p>\n","protected":false},"author":1,"featured_media":0,"parent":0,"menu_order":0,"comment_status":"closed","ping_status":"closed","template":"onecolumn-page.php","meta":{"footnotes":""},"class_list":["post-113","page","type-page","status-publish","hentry"],"_links":{"self":[{"href":"http:\/\/www.msc.org.es\/wp\/wp-json\/wp\/v2\/pages\/113","targetHints":{"allow":["GET"]}}],"collection":[{"href":"http:\/\/www.msc.org.es\/wp\/wp-json\/wp\/v2\/pages"}],"about":[{"href":"http:\/\/www.msc.org.es\/wp\/wp-json\/wp\/v2\/types\/page"}],"author":[{"embeddable":true,"href":"http:\/\/www.msc.org.es\/wp\/wp-json\/wp\/v2\/users\/1"}],"replies":[{"embeddable":true,"href":"http:\/\/www.msc.org.es\/wp\/wp-json\/wp\/v2\/comments?post=113"}],"version-history":[{"count":9,"href":"http:\/\/www.msc.org.es\/wp\/wp-json\/wp\/v2\/pages\/113\/revisions"}],"predecessor-version":[{"id":241,"href":"http:\/\/www.msc.org.es\/wp\/wp-json\/wp\/v2\/pages\/113\/revisions\/241"}],"wp:attachment":[{"href":"http:\/\/www.msc.org.es\/wp\/wp-json\/wp\/v2\/media?parent=113"}],"curies":[{"name":"wp","href":"https:\/\/api.w.org\/{rel}","templated":true}]}}